{"id":51,"date":"2024-04-24T15:01:48","date_gmt":"2024-04-24T15:01:48","guid":{"rendered":"https:\/\/webadive.com\/demo1-fr\/?page_id=51"},"modified":"2024-04-26T03:46:27","modified_gmt":"2024-04-26T03:46:27","slug":"sorties-privees","status":"publish","type":"page","link":"https:\/\/webadive.com\/demo1-fr\/sorties-privees\/","title":{"rendered":"Sorties priv\u00e9es"},"content":{"rendered":"\n<div class=\"wp-block-group alignwide has-global-padding is-layout-constrained wp-block-group-is-layout-constrained\" style=\"padding-top:var(--wp--preset--spacing--x-large);padding-bottom:var(--wp--preset--spacing--large)\">\n<div class=\"wp-block-columns alignwide are-vertically-aligned-center col-reverse is-layout-flex wp-container-core-columns-is-layout-2009bae8 wp-block-columns-is-layout-flex\" style=\"margin-top:0px;margin-bottom:0px\">\n<div class=\"wp-block-column is-vertically-aligned-center is-layout-flow wp-block-column-is-layout-flow\">\n<div class=\"wp-block-group is-style-default has-global-padding is-layout-constrained wp-block-group-is-layout-constrained\">\n<div class=\"wp-block-cover is-light is-style-default\" style=\"border-radius:80px\"><span aria-hidden=\"true\" class=\"wp-block-cover__background has-background-dim-10 has-background-dim wp-block-cover__gradient-background has-background-gradient\" style=\"background-color:#6f87a4;background:linear-gradient(0deg,rgb(4,53,152) 0%,rgba(48,179,255,0) 100%)\"><\/span><img loading=\"lazy\" decoding=\"async\" width=\"2560\" height=\"1707\" class=\"wp-block-cover__image-background wp-image-285\" alt=\"\" src=\"https:\/\/webadive.com\/demo1-fr\/wp-content\/uploads\/sites\/3\/2024\/04\/marcel-strauss-XPCD9JugjOA-unsplash-scaled.jpg\" data-object-fit=\"cover\" srcset=\"https:\/\/webadive.com\/demo1-fr\/wp-content\/uploads\/sites\/3\/2024\/04\/marcel-strauss-XPCD9JugjOA-unsplash-scaled.jpg 2560w, https:\/\/webadive.com\/demo1-fr\/wp-content\/uploads\/sites\/3\/2024\/04\/marcel-strauss-XPCD9JugjOA-unsplash-300x200.jpg 300w, https:\/\/webadive.com\/demo1-fr\/wp-content\/uploads\/sites\/3\/2024\/04\/marcel-strauss-XPCD9JugjOA-unsplash-1024x683.jpg 1024w, https:\/\/webadive.com\/demo1-fr\/wp-content\/uploads\/sites\/3\/2024\/04\/marcel-strauss-XPCD9JugjOA-unsplash-768x512.jpg 768w, https:\/\/webadive.com\/demo1-fr\/wp-content\/uploads\/sites\/3\/2024\/04\/marcel-strauss-XPCD9JugjOA-unsplash-1536x1024.jpg 1536w, https:\/\/webadive.com\/demo1-fr\/wp-content\/uploads\/sites\/3\/2024\/04\/marcel-strauss-XPCD9JugjOA-unsplash-2048x1365.jpg 2048w, https:\/\/webadive.com\/demo1-fr\/wp-content\/uploads\/sites\/3\/2024\/04\/marcel-strauss-XPCD9JugjOA-unsplash-40x27.jpg 40w\" sizes=\"auto, (max-width: 2560px) 100vw, 2560px\" \/><div class=\"wp-block-cover__inner-container has-global-padding is-layout-constrained wp-block-cover-is-layout-constrained\">\n<p class=\"has-text-align-center has-large-font-size\"><\/p>\n<\/div><\/div>\n<\/div>\n<\/div>\n\n\n\n<div class=\"wp-block-column is-vertically-aligned-center is-layout-flow wp-block-column-is-layout-flow\">\n<div class=\"wp-block-group is-layout-flow wp-block-group-is-layout-flow\">\n<div class=\"wp-block-group has-global-padding is-layout-constrained wp-container-core-group-is-layout-f5f3bcb8 wp-block-group-is-layout-constrained\">\n<h2 class=\"wp-block-heading has-text-align-center has-barlow-font-family has-x-large-font-size\" style=\"margin-bottom:var(--wp--preset--spacing--medium);font-style:normal;font-weight:800\">Nos sorties priv\u00e9es<\/h2>\n\n\n\n<div class=\"wp-block-group has-global-padding is-layout-constrained wp-container-core-group-is-layout-d49f0384 wp-block-group-is-layout-constrained\" style=\"padding-top:var(--wp--preset--spacing--medium)\">\n<p>Explorez les merveilles de notre monde sous-marin lors de nos sorties priv\u00e9es \u00e0 la journ\u00e9e ou \u00e0 la demi-journ\u00e9e.<\/p>\n\n\n\n<p>Choisissez entre des aventures de snorkeling en surface ou des plong\u00e9es plus profondes, le tout accompagn\u00e9 par un capitaine exp\u00e9riment\u00e9 et un guide professionnel. <\/p>\n\n\n\n<p>Nos sorties priv\u00e9es incluent une collation, un ap\u00e9ritif avec le c\u00e9l\u00e8bre ti punch et un d\u00e9licieux repas, pour une journ\u00e9e compl\u00e8te de plaisir aquatique sans soucis. <\/p>\n\n\n\n<p>R\u00e9servez d\u00e8s aujourd&rsquo;hui votre exp\u00e9rience personnalis\u00e9e avec notre centre de plong\u00e9e<\/p>\n<\/div>\n\n\n\n<div class=\"wp-block-buttons is-content-justification-center is-layout-flex wp-container-core-buttons-is-layout-0c36df96 wp-block-buttons-is-layout-flex\" style=\"margin-top:var(--wp--preset--spacing--x-large)\">\n<div class=\"wp-block-button\"><a class=\"wp-block-button__link wp-element-button\" style=\"border-radius:60px\">R\u00e9server mon activit\u00e9<\/a><\/div>\n\n\n\n<div class=\"wp-block-button\"><a class=\"wp-block-button__link has-custom-color-1-background-color has-background has-border-color wp-element-button\" href=\"https:\/\/webadive.com\/demo1-fr\/tarifs\/\" style=\"border-color:#fff;border-width:1px;border-radius:60px\">Voir les tarifs<\/a><\/div>\n<\/div>\n<\/div>\n<\/div>\n<\/div>\n<\/div>\n<\/div>\n\n\n\n<div class=\"wp-block-group alignwide has-global-padding is-layout-constrained wp-block-group-is-layout-constrained\" style=\"padding-top:var(--wp--preset--spacing--large);padding-bottom:var(--wp--preset--spacing--large)\">\n<div class=\"wp-block-columns alignwide are-vertically-aligned-center is-layout-flex wp-container-core-columns-is-layout-2009bae8 wp-block-columns-is-layout-flex\" style=\"margin-top:0px;margin-bottom:0px\">\n<div class=\"wp-block-column is-vertically-aligned-center is-layout-flow wp-block-column-is-layout-flow\">\n<div class=\"wp-block-group is-layout-flow wp-block-group-is-layout-flow\">\n<div class=\"wp-block-group has-global-padding is-layout-constrained wp-container-core-group-is-layout-f5f3bcb8 wp-block-group-is-layout-constrained\">\n<h2 class=\"wp-block-heading has-text-align-center has-barlow-font-family has-x-large-font-size\" style=\"margin-bottom:var(--wp--preset--spacing--medium);font-style:normal;font-weight:800\">S\u00e9ance photo<\/h2>\n\n\n\n<div class=\"wp-block-group has-global-padding is-layout-constrained wp-container-core-group-is-layout-d49f0384 wp-block-group-is-layout-constrained\" style=\"padding-top:var(--wp--preset--spacing--medium)\">\n<p>Capturez des souvenirs inoubliables de vos aventures sous-marines avec nos s\u00e9ances photo priv\u00e9es ! <\/p>\n\n\n\n<p>Une exp\u00e9rience exclusive o\u00f9 vous pourrez explorer les fonds marins en compagnie d&rsquo;un photographe professionnel. <\/p>\n\n\n\n<p>Plongez dans des eaux cristallines et laissez-vous guider \u00e0 travers des paysages marins \u00e0 couper le souffle, pendant que notre photographe immortalise chaque instant magique. Que vous soyez novice ou plongeur exp\u00e9riment\u00e9, nos s\u00e9ances photo priv\u00e9es sont adapt\u00e9es \u00e0 tous les niveaux. <\/p>\n\n\n\n<p>R\u00e9servez d\u00e8s maintenant repartez avec des photos exceptionnelles \u00e0 partager.<\/p>\n<\/div>\n\n\n\n<div class=\"wp-block-buttons is-content-justification-center is-layout-flex wp-container-core-buttons-is-layout-0c36df96 wp-block-buttons-is-layout-flex\" style=\"margin-top:var(--wp--preset--spacing--x-large)\">\n<div class=\"wp-block-button\"><a class=\"wp-block-button__link wp-element-button\" style=\"border-radius:60px\">R\u00e9server<\/a><\/div>\n\n\n\n<div class=\"wp-block-button\"><a class=\"wp-block-button__link has-custom-color-1-background-color has-background has-border-color wp-element-button\" href=\"https:\/\/webadive.com\/demo1-fr\/tarifs\/\" style=\"border-color:#fff;border-width:1px;border-radius:60px\">Voir les tarifs<\/a><\/div>\n<\/div>\n<\/div>\n<\/div>\n<\/div>\n\n\n\n<div class=\"wp-block-column is-vertically-aligned-center is-layout-flow wp-block-column-is-layout-flow\">\n<div class=\"wp-block-group is-style-default has-global-padding is-layout-constrained wp-block-group-is-layout-constrained\">\n<div class=\"wp-block-cover is-style-default\" style=\"border-radius:80px\"><span aria-hidden=\"true\" class=\"wp-block-cover__background has-background-dim-10 has-background-dim wp-block-cover__gradient-background has-background-gradient\" style=\"background-color:#22505d;background:linear-gradient(0deg,rgb(4,53,152) 0%,rgba(48,179,255,0) 100%)\"><\/span><img loading=\"lazy\" decoding=\"async\" width=\"2560\" height=\"1707\" class=\"wp-block-cover__image-background wp-image-100\" alt=\"\" src=\"https:\/\/webadive.com\/demo1-fr\/wp-content\/uploads\/sites\/3\/2024\/04\/neom-4AADxUsnufQ-unsplash-scaled.jpg\" data-object-fit=\"cover\" srcset=\"https:\/\/webadive.com\/demo1-fr\/wp-content\/uploads\/sites\/3\/2024\/04\/neom-4AADxUsnufQ-unsplash-scaled.jpg 2560w, https:\/\/webadive.com\/demo1-fr\/wp-content\/uploads\/sites\/3\/2024\/04\/neom-4AADxUsnufQ-unsplash-300x200.jpg 300w, https:\/\/webadive.com\/demo1-fr\/wp-content\/uploads\/sites\/3\/2024\/04\/neom-4AADxUsnufQ-unsplash-1024x683.jpg 1024w, https:\/\/webadive.com\/demo1-fr\/wp-content\/uploads\/sites\/3\/2024\/04\/neom-4AADxUsnufQ-unsplash-768x512.jpg 768w, https:\/\/webadive.com\/demo1-fr\/wp-content\/uploads\/sites\/3\/2024\/04\/neom-4AADxUsnufQ-unsplash-1536x1024.jpg 1536w, https:\/\/webadive.com\/demo1-fr\/wp-content\/uploads\/sites\/3\/2024\/04\/neom-4AADxUsnufQ-unsplash-2048x1365.jpg 2048w, https:\/\/webadive.com\/demo1-fr\/wp-content\/uploads\/sites\/3\/2024\/04\/neom-4AADxUsnufQ-unsplash-40x27.jpg 40w\" sizes=\"auto, (max-width: 2560px) 100vw, 2560px\" \/><div class=\"wp-block-cover__inner-container has-global-padding is-layout-constrained wp-block-cover-is-layout-constrained\">\n<p class=\"has-text-align-center has-large-font-size\"><\/p>\n<\/div><\/div>\n<\/div>\n<\/div>\n<\/div>\n<\/div>\n\n\n\n<div class=\"wp-block-group alignwide has-global-padding is-layout-constrained wp-block-group-is-layout-constrained\" style=\"padding-top:var(--wp--preset--spacing--xx-large);padding-bottom:var(--wp--preset--spacing--xx-large)\">\n<div class=\"wp-block-columns are-vertically-aligned-center has-custom-color-1-color has-base-background-color has-text-color has-background has-link-color wp-elements-10434a35c26d6018e36f55e1352ba789 is-layout-flex wp-container-core-columns-is-layout-5b3116c9 wp-block-columns-is-layout-flex\" style=\"border-radius:20px;padding-top:var(--wp--preset--spacing--large);padding-right:var(--wp--preset--spacing--large);padding-bottom:var(--wp--preset--spacing--large);padding-left:var(--wp--preset--spacing--large)\">\n<div class=\"wp-block-column is-vertically-aligned-center is-layout-flow wp-block-column-is-layout-flow\" style=\"flex-basis:70%\">\n<p class=\"has-barlow-font-family has-large-font-size\" style=\"font-style:normal;font-weight:800;text-transform:uppercase\">Pr\u00eats \u00e0 plonger ?<\/p>\n\n\n\n<p class=\"has-small-font-size\" style=\"font-style:normal;font-weight:500\">\u00cates-vous pr\u00eats \u00e0 vivre une exp\u00e9rience sous-marine inoubliable ? <br>Rejoignez-nous \u00e0 la d\u00e9couverte des fonds marins de Polyn\u00e9sie Fran\u00e7aise.<\/p>\n<\/div>\n\n\n\n<div class=\"wp-block-column is-vertically-aligned-center is-layout-flow wp-block-column-is-layout-flow\" style=\"flex-basis:30%\">\n<div class=\"wp-block-buttons has-custom-font-size has-medium-font-size is-content-justification-center is-layout-flex wp-container-core-buttons-is-layout-9587046d wp-block-buttons-is-layout-flex\" style=\"margin-top:0\">\n<div class=\"wp-block-button has-custom-font-size has-base-font-size\"><a class=\"wp-block-button__link wp-element-button\" href=\"https:\/\/webadive.com\/demo1-fr\/reserver\/\" style=\"border-radius:60px\">R\u00e9server<\/a><\/div>\n<\/div>\n<\/div>\n<\/div>\n<\/div>\n","protected":false},"excerpt":{"rendered":"<p>Nos sorties priv\u00e9es Explorez les merveilles de notre monde sous-marin lors de nos sorties priv\u00e9es \u00e0 la journ\u00e9e ou \u00e0 la demi-journ\u00e9e. Choisissez entre des aventures de snorkeling en surface ou des plong\u00e9es plus profondes, le tout accompagn\u00e9 par un capitaine exp\u00e9riment\u00e9 et un guide professionnel. Nos sorties priv\u00e9es incluent une collation, un ap\u00e9ritif avec [&hellip;]<\/p>\n","protected":false},"author":2,"featured_media":112,"parent":0,"menu_order":0,"comment_status":"closed","ping_status":"closed","template":"","meta":{"_acf_changed":false,"footnotes":""},"class_list":["post-51","page","type-page","status-publish","has-post-thumbnail","hentry"],"acf":[],"aioseo_notices":[],"_links":{"self":[{"href":"https:\/\/webadive.com\/demo1-fr\/wp-json\/wp\/v2\/pages\/51","targetHints":{"allow":["GET"]}}],"collection":[{"href":"https:\/\/webadive.com\/demo1-fr\/wp-json\/wp\/v2\/pages"}],"about":[{"href":"https:\/\/webadive.com\/demo1-fr\/wp-json\/wp\/v2\/types\/page"}],"author":[{"embeddable":true,"href":"https:\/\/webadive.com\/demo1-fr\/wp-json\/wp\/v2\/users\/2"}],"replies":[{"embeddable":true,"href":"https:\/\/webadive.com\/demo1-fr\/wp-json\/wp\/v2\/comments?post=51"}],"version-history":[{"count":5,"href":"https:\/\/webadive.com\/demo1-fr\/wp-json\/wp\/v2\/pages\/51\/revisions"}],"predecessor-version":[{"id":463,"href":"https:\/\/webadive.com\/demo1-fr\/wp-json\/wp\/v2\/pages\/51\/revisions\/463"}],"wp:featuredmedia":[{"embeddable":true,"href":"https:\/\/webadive.com\/demo1-fr\/wp-json\/wp\/v2\/media\/112"}],"wp:attachment":[{"href":"https:\/\/webadive.com\/demo1-fr\/wp-json\/wp\/v2\/media?parent=51"}],"curies":[{"name":"wp","href":"https:\/\/api.w.org\/{rel}","templated":true}]}}