{"id":47,"date":"2024-04-24T15:01:14","date_gmt":"2024-04-24T15:01:14","guid":{"rendered":"https:\/\/webadive.com\/demo1-fr\/?page_id=47"},"modified":"2024-04-26T03:51:09","modified_gmt":"2024-04-26T03:51:09","slug":"formation","status":"publish","type":"page","link":"https:\/\/webadive.com\/demo1-fr\/formation\/","title":{"rendered":"Formation"},"content":{"rendered":"\n<div class=\"wp-block-group alignwide has-global-padding is-content-justification-left is-layout-constrained wp-container-core-group-is-layout-95fbada3 wp-block-group-is-layout-constrained\" style=\"padding-top:var(--wp--preset--spacing--large);padding-bottom:var(--wp--preset--spacing--large)\">\n<div class=\"wp-block-group alignwide has-global-padding is-content-justification-left is-layout-constrained wp-container-core-group-is-layout-6ef39980 wp-block-group-is-layout-constrained\" style=\"padding-top:var(--wp--preset--spacing--medium);padding-bottom:var(--wp--preset--spacing--medium)\">\n<h2 class=\"wp-block-heading alignwide has-barlow-font-family has-x-large-font-size\">La d\u00e9couverte de la plong\u00e9e<\/h2>\n\n\n\n<p>D\u00e9couvrez un nouveau monde gr\u00e2ce \u00e0 nos deux formules<\/p>\n<\/div>\n\n\n\n<div class=\"wp-block-columns alignwide is-layout-flex wp-container-core-columns-is-layout-28f84493 wp-block-columns-is-layout-flex\">\n<div class=\"wp-block-column is-layout-flow wp-block-column-is-layout-flow\">\n<div class=\"wp-block-group has-background has-global-padding is-layout-constrained wp-container-core-group-is-layout-8217c53c wp-block-group-is-layout-constrained\" style=\"border-radius:20px;background-color:#394864;padding-top:var(--wp--preset--spacing--medium);padding-right:var(--wp--preset--spacing--medium);padding-bottom:var(--wp--preset--spacing--medium);padding-left:var(--wp--preset--spacing--medium)\">\n<p class=\"has-barlow-font-family has-medium-font-size\" style=\"font-style:normal;font-weight:800;text-transform:uppercase\">Le Bapt\u00eame<\/p>\n\n\n\n<p class=\"has-small-font-size\" style=\"font-style:normal;font-weight:500\">\u00c0 une profondeur variant de 2 \u00e0 6 m\u00e8tres en fonction de l&rsquo;\u00e2ge du participant, et accompagn\u00e9 d&rsquo;un moniteur pour une immersion de 20 minutes. Si vous souhaitez poursuivre l&rsquo;aventure, rendez-vous pour le Niveau 1 !<\/p>\n\n\n\n<p>D\u00e8s 8 ans<\/p>\n<\/div>\n<\/div>\n\n\n\n<div class=\"wp-block-column is-layout-flow wp-block-column-is-layout-flow\">\n<div class=\"wp-block-group has-background has-global-padding is-layout-constrained wp-container-core-group-is-layout-8217c53c wp-block-group-is-layout-constrained\" style=\"border-radius:20px;background-color:#394864;padding-top:var(--wp--preset--spacing--medium);padding-right:var(--wp--preset--spacing--medium);padding-bottom:var(--wp--preset--spacing--medium);padding-left:var(--wp--preset--spacing--medium)\">\n<p class=\"has-barlow-font-family has-medium-font-size\" style=\"font-style:normal;font-weight:800;text-transform:uppercase\">Discover Scuba Diving<\/p>\n\n\n\n<p class=\"has-small-font-size\" style=\"font-style:normal;font-weight:500\">Vous souhaitez d\u00e9couvrir l&rsquo;exp\u00e9rience de la plong\u00e9e sous-marine avant de vous engager dans la certification PADI Open Water Diver ? Gr\u00e2ce au discover Scuba Diving, c&rsquo;est possible : plongez pour la premi\u00e8re fois dans en naturel et prot\u00e9g\u00e9.<\/p>\n\n\n\n<p>D\u00e8s 10 ans<\/p>\n<\/div>\n<\/div>\n<\/div>\n\n\n\n<div class=\"wp-block-group alignwide has-global-padding is-layout-constrained wp-block-group-is-layout-constrained\" style=\"padding-top:var(--wp--preset--spacing--x-large);padding-bottom:0\">\n<div class=\"wp-block-buttons is-content-justification-center is-layout-flex wp-container-core-buttons-is-layout-a89b3969 wp-block-buttons-is-layout-flex\">\n<div class=\"wp-block-button\"><a class=\"wp-block-button__link wp-element-button\" style=\"border-radius:30px\">Je r\u00e9server ma plong\u00e9e<\/a><\/div>\n\n\n\n<div class=\"wp-block-button\"><a class=\"wp-block-button__link has-custom-color-1-background-color has-background has-border-color wp-element-button\" style=\"border-color:#fff;border-width:1px;border-radius:30px\">Voir les tarifs<\/a><\/div>\n<\/div>\n<\/div>\n<\/div>\n\n\n\n<div class=\"wp-block-group alignwide has-global-padding is-content-justification-left is-layout-constrained wp-container-core-group-is-layout-5ed11a94 wp-block-group-is-layout-constrained\" style=\"padding-top:var(--wp--preset--spacing--large);padding-bottom:var(--wp--preset--spacing--xxx-large)\">\n<div class=\"wp-block-group alignwide has-global-padding is-content-justification-left is-layout-constrained wp-container-core-group-is-layout-6ef39980 wp-block-group-is-layout-constrained\" style=\"padding-top:var(--wp--preset--spacing--medium);padding-bottom:var(--wp--preset--spacing--medium)\">\n<h2 class=\"wp-block-heading alignwide has-barlow-font-family has-x-large-font-size\">Nos formations<\/h2>\n\n\n\n<p>Passez vos certifications de plong\u00e9e gr\u00e2ce \u00e0 nos formations internationales<\/p>\n<\/div>\n\n\n\n<div class=\"wp-block-columns alignwide is-layout-flex wp-container-core-columns-is-layout-28f84493 wp-block-columns-is-layout-flex\">\n<div class=\"wp-block-column is-layout-flow wp-block-column-is-layout-flow\">\n<div class=\"wp-block-group has-background has-global-padding is-layout-constrained wp-container-core-group-is-layout-8217c53c wp-block-group-is-layout-constrained\" style=\"border-radius:20px;background-color:#394864;padding-top:var(--wp--preset--spacing--medium);padding-right:var(--wp--preset--spacing--medium);padding-bottom:var(--wp--preset--spacing--medium);padding-left:var(--wp--preset--spacing--medium)\">\n<p class=\"has-barlow-font-family has-medium-font-size\" style=\"font-style:normal;font-weight:800;text-transform:uppercase\">Niveau 1<\/p>\n\n\n\n<p class=\"has-small-font-size\" style=\"font-style:normal;font-weight:500\">Formation de 5 plong\u00e9es pour aller \u00e0 20 m\u00e8tres de profondeur encadr\u00e9 par un guide.<\/p>\n<\/div>\n<\/div>\n\n\n\n<div class=\"wp-block-column is-layout-flow wp-block-column-is-layout-flow\">\n<div class=\"wp-block-group has-background has-global-padding is-layout-constrained wp-container-core-group-is-layout-8217c53c wp-block-group-is-layout-constrained\" style=\"border-radius:20px;background-color:#394864;padding-top:var(--wp--preset--spacing--medium);padding-right:var(--wp--preset--spacing--medium);padding-bottom:var(--wp--preset--spacing--medium);padding-left:var(--wp--preset--spacing--medium)\">\n<p class=\"has-barlow-font-family has-medium-font-size\" style=\"font-style:normal;font-weight:800;text-transform:uppercase\">Niveau 2<\/p>\n\n\n\n<p class=\"has-small-font-size\" style=\"font-style:normal;font-weight:500\">Formation de 10 plong\u00e9es (PE40\/PA20) pour aller \u00e0 20 m\u00e8tres en bin\u00f4me et 40 m\u00e8tres encadr\u00e9 par un guide.<\/p>\n<\/div>\n<\/div>\n<\/div>\n\n\n\n<div class=\"wp-block-columns alignwide is-layout-flex wp-container-core-columns-is-layout-28f84493 wp-block-columns-is-layout-flex\">\n<div class=\"wp-block-column is-layout-flow wp-block-column-is-layout-flow\">\n<div class=\"wp-block-group has-background has-global-padding is-layout-constrained wp-container-core-group-is-layout-8217c53c wp-block-group-is-layout-constrained\" style=\"border-radius:20px;background-color:#394864;padding-top:var(--wp--preset--spacing--medium);padding-right:var(--wp--preset--spacing--medium);padding-bottom:var(--wp--preset--spacing--medium);padding-left:var(--wp--preset--spacing--medium)\">\n<p class=\"has-barlow-font-family has-medium-font-size\" style=\"font-style:normal;font-weight:800;text-transform:uppercase\">Niveau 3<\/p>\n\n\n\n<p class=\"has-small-font-size\" style=\"font-style:normal;font-weight:500\">Formation de 8 plong\u00e9es pour aller \u00e0 60 m\u00e8tres de profondeur encadr\u00e9 par un guide ou en bin\u00f4me.<\/p>\n<\/div>\n<\/div>\n\n\n\n<div class=\"wp-block-column is-layout-flow wp-block-column-is-layout-flow\">\n<div class=\"wp-block-group has-background has-global-padding is-layout-constrained wp-container-core-group-is-layout-8217c53c wp-block-group-is-layout-constrained\" style=\"border-radius:20px;background-color:#394864;padding-top:var(--wp--preset--spacing--medium);padding-right:var(--wp--preset--spacing--medium);padding-bottom:var(--wp--preset--spacing--medium);padding-left:var(--wp--preset--spacing--medium)\">\n<p class=\"has-barlow-font-family has-medium-font-size\" style=\"font-style:normal;font-weight:800;text-transform:uppercase\">Niveau 4<\/p>\n\n\n\n<p class=\"has-small-font-size\" style=\"font-style:normal;font-weight:500\">Devenir guide de palanqu\u00e9e. <br>Nous contacter pour plus de d\u00e9tails.<\/p>\n<\/div>\n<\/div>\n<\/div>\n\n\n\n<div class=\"wp-block-columns alignwide is-layout-flex wp-container-core-columns-is-layout-28f84493 wp-block-columns-is-layout-flex\">\n<div class=\"wp-block-column is-layout-flow wp-block-column-is-layout-flow\">\n<div class=\"wp-block-group has-background has-global-padding is-layout-constrained wp-container-core-group-is-layout-8217c53c wp-block-group-is-layout-constrained\" style=\"border-radius:20px;background-color:#394864;padding-top:var(--wp--preset--spacing--medium);padding-right:var(--wp--preset--spacing--medium);padding-bottom:var(--wp--preset--spacing--medium);padding-left:var(--wp--preset--spacing--medium)\">\n<p class=\"has-barlow-font-family has-medium-font-size\" style=\"font-style:normal;font-weight:800;text-transform:uppercase\">Open Water DIver<\/p>\n\n\n\n<p class=\"has-small-font-size\" style=\"font-style:normal;font-weight:500\">Formation de 6 plong\u00e9es pour aller \u00e0 18 m\u00e8tres de profondeur encadr\u00e9 par un guide.<\/p>\n<\/div>\n<\/div>\n\n\n\n<div class=\"wp-block-column is-layout-flow wp-block-column-is-layout-flow\">\n<div class=\"wp-block-group has-background has-global-padding is-layout-constrained wp-container-core-group-is-layout-8217c53c wp-block-group-is-layout-constrained\" style=\"border-radius:20px;background-color:#394864;padding-top:var(--wp--preset--spacing--medium);padding-right:var(--wp--preset--spacing--medium);padding-bottom:var(--wp--preset--spacing--medium);padding-left:var(--wp--preset--spacing--medium)\">\n<p class=\"has-barlow-font-family has-medium-font-size\" style=\"font-style:normal;font-weight:800;text-transform:uppercase\">Advanced Open Water Diver<\/p>\n\n\n\n<p class=\"has-small-font-size\" style=\"font-style:normal;font-weight:500\">Formation de 5 plong\u00e9es pour acqu\u00e9rir de nouvelles comp\u00e9tences : orientation, plong\u00e9e profonde et 3 sp\u00e9cialit\u00e9s au choix.<\/p>\n<\/div>\n<\/div>\n<\/div>\n\n\n\n<div class=\"wp-block-columns alignwide is-layout-flex wp-container-core-columns-is-layout-28f84493 wp-block-columns-is-layout-flex\">\n<div class=\"wp-block-column is-layout-flow wp-block-column-is-layout-flow\">\n<div class=\"wp-block-group has-background has-global-padding is-layout-constrained wp-container-core-group-is-layout-8217c53c wp-block-group-is-layout-constrained\" style=\"border-radius:20px;background-color:#394864;padding-top:var(--wp--preset--spacing--medium);padding-right:var(--wp--preset--spacing--medium);padding-bottom:var(--wp--preset--spacing--medium);padding-left:var(--wp--preset--spacing--medium)\">\n<p class=\"has-barlow-font-family has-medium-font-size\" style=\"font-style:normal;font-weight:800;text-transform:uppercase\">Rescue Diver<\/p>\n\n\n\n<p class=\"has-small-font-size\" style=\"font-style:normal;font-weight:500\">Formation de 5 plong\u00e9es pour apprendre \u00e0 avoir les bons r\u00e9flexes et bons gestes et r\u00e9soudre de possibles incidents lors de vos plong\u00e9es.<\/p>\n<\/div>\n<\/div>\n\n\n\n<div class=\"wp-block-column is-layout-flow wp-block-column-is-layout-flow\">\n<div class=\"wp-block-group has-background has-global-padding is-layout-constrained wp-container-core-group-is-layout-8217c53c wp-block-group-is-layout-constrained\" style=\"border-radius:20px;background-color:#394864;padding-top:var(--wp--preset--spacing--medium);padding-right:var(--wp--preset--spacing--medium);padding-bottom:var(--wp--preset--spacing--medium);padding-left:var(--wp--preset--spacing--medium)\">\n<p class=\"has-barlow-font-family has-medium-font-size\" style=\"font-style:normal;font-weight:800;text-transform:uppercase\">Dive Master <\/p>\n\n\n\n<p class=\"has-small-font-size\" style=\"font-style:normal;font-weight:500\">Devenir guide de palanqu\u00e9e \u00e0 \u00e9chelle internationale.<br>Nous contacter pour plus de d\u00e9tails.<\/p>\n<\/div>\n<\/div>\n<\/div>\n\n\n\n<div class=\"wp-block-group alignwide has-global-padding is-layout-constrained wp-block-group-is-layout-constrained\" style=\"padding-top:var(--wp--preset--spacing--x-large);padding-bottom:0\">\n<div class=\"wp-block-buttons is-content-justification-center is-layout-flex wp-container-core-buttons-is-layout-a89b3969 wp-block-buttons-is-layout-flex\">\n<div class=\"wp-block-button\"><a class=\"wp-block-button__link wp-element-button\" style=\"border-radius:30px\">Je r\u00e9server ma plong\u00e9e<\/a><\/div>\n\n\n\n<div class=\"wp-block-button\"><a class=\"wp-block-button__link has-custom-color-1-background-color has-background has-border-color wp-element-button\" style=\"border-color:#fff;border-width:1px;border-radius:30px\">Voir les tarifs<\/a><\/div>\n<\/div>\n<\/div>\n<\/div>\n","protected":false},"excerpt":{"rendered":"<p>La d\u00e9couverte de la plong\u00e9e D\u00e9couvrez un nouveau monde gr\u00e2ce \u00e0 nos deux formules Le Bapt\u00eame \u00c0 une profondeur variant de 2 \u00e0 6 m\u00e8tres en fonction de l&rsquo;\u00e2ge du participant, et accompagn\u00e9 d&rsquo;un moniteur pour une immersion de 20 minutes. Si vous souhaitez poursuivre l&rsquo;aventure, rendez-vous pour le Niveau 1 ! D\u00e8s 8 ans [&hellip;]<\/p>\n","protected":false},"author":2,"featured_media":113,"parent":0,"menu_order":0,"comment_status":"closed","ping_status":"closed","template":"","meta":{"_acf_changed":false,"footnotes":""},"class_list":["post-47","page","type-page","status-publish","has-post-thumbnail","hentry"],"acf":[],"aioseo_notices":[],"_links":{"self":[{"href":"https:\/\/webadive.com\/demo1-fr\/wp-json\/wp\/v2\/pages\/47","targetHints":{"allow":["GET"]}}],"collection":[{"href":"https:\/\/webadive.com\/demo1-fr\/wp-json\/wp\/v2\/pages"}],"about":[{"href":"https:\/\/webadive.com\/demo1-fr\/wp-json\/wp\/v2\/types\/page"}],"author":[{"embeddable":true,"href":"https:\/\/webadive.com\/demo1-fr\/wp-json\/wp\/v2\/users\/2"}],"replies":[{"embeddable":true,"href":"https:\/\/webadive.com\/demo1-fr\/wp-json\/wp\/v2\/comments?post=47"}],"version-history":[{"count":25,"href":"https:\/\/webadive.com\/demo1-fr\/wp-json\/wp\/v2\/pages\/47\/revisions"}],"predecessor-version":[{"id":470,"href":"https:\/\/webadive.com\/demo1-fr\/wp-json\/wp\/v2\/pages\/47\/revisions\/470"}],"wp:featuredmedia":[{"embeddable":true,"href":"https:\/\/webadive.com\/demo1-fr\/wp-json\/wp\/v2\/media\/113"}],"wp:attachment":[{"href":"https:\/\/webadive.com\/demo1-fr\/wp-json\/wp\/v2\/media?parent=47"}],"curies":[{"name":"wp","href":"https:\/\/api.w.org\/{rel}","templated":true}]}}