{"id":32,"date":"2024-04-24T14:58:55","date_gmt":"2024-04-24T14:58:55","guid":{"rendered":"https:\/\/webadive.com\/demo1-fr\/?page_id=32"},"modified":"2024-04-26T03:46:46","modified_gmt":"2024-04-26T03:46:46","slug":"notre-club","status":"publish","type":"page","link":"https:\/\/webadive.com\/demo1-fr\/notre-club\/","title":{"rendered":"Notre club"},"content":{"rendered":"\n<div class=\"wp-block-group alignwide has-global-padding is-layout-constrained wp-block-group-is-layout-constrained\" style=\"padding-top:var(--wp--preset--spacing--xx-large);padding-bottom:var(--wp--preset--spacing--large)\">\n<div class=\"wp-block-columns alignwide are-vertically-aligned-center col-reverse is-layout-flex wp-container-core-columns-is-layout-2009bae8 wp-block-columns-is-layout-flex\" style=\"margin-top:0px;margin-bottom:0px\">\n<div class=\"wp-block-column is-vertically-aligned-center is-layout-flow wp-block-column-is-layout-flow\">\n<div class=\"wp-block-group is-style-default has-global-padding is-layout-constrained wp-block-group-is-layout-constrained\">\n<div class=\"wp-block-cover is-light is-style-default\" style=\"border-radius:80px\"><span aria-hidden=\"true\" class=\"wp-block-cover__background has-background-dim-10 has-background-dim wp-block-cover__gradient-background has-background-gradient\" style=\"background-color:#6f87a4;background:linear-gradient(0deg,rgb(4,53,152) 0%,rgba(48,179,255,0) 100%)\"><\/span><img loading=\"lazy\" decoding=\"async\" width=\"1708\" height=\"2560\" class=\"wp-block-cover__image-background wp-image-434\" alt=\"\" src=\"https:\/\/webadive.com\/demo1-fr\/wp-content\/uploads\/sites\/3\/2024\/04\/rayyu-maldives-c4N4mrrWFUM-unsplash-scaled.jpg\" data-object-fit=\"cover\" srcset=\"https:\/\/webadive.com\/demo1-fr\/wp-content\/uploads\/sites\/3\/2024\/04\/rayyu-maldives-c4N4mrrWFUM-unsplash-scaled.jpg 1708w, https:\/\/webadive.com\/demo1-fr\/wp-content\/uploads\/sites\/3\/2024\/04\/rayyu-maldives-c4N4mrrWFUM-unsplash-200x300.jpg 200w, https:\/\/webadive.com\/demo1-fr\/wp-content\/uploads\/sites\/3\/2024\/04\/rayyu-maldives-c4N4mrrWFUM-unsplash-683x1024.jpg 683w, https:\/\/webadive.com\/demo1-fr\/wp-content\/uploads\/sites\/3\/2024\/04\/rayyu-maldives-c4N4mrrWFUM-unsplash-768x1151.jpg 768w, https:\/\/webadive.com\/demo1-fr\/wp-content\/uploads\/sites\/3\/2024\/04\/rayyu-maldives-c4N4mrrWFUM-unsplash-1025x1536.jpg 1025w, https:\/\/webadive.com\/demo1-fr\/wp-content\/uploads\/sites\/3\/2024\/04\/rayyu-maldives-c4N4mrrWFUM-unsplash-1367x2048.jpg 1367w, https:\/\/webadive.com\/demo1-fr\/wp-content\/uploads\/sites\/3\/2024\/04\/rayyu-maldives-c4N4mrrWFUM-unsplash-27x40.jpg 27w\" sizes=\"auto, (max-width: 1708px) 100vw, 1708px\" \/><div class=\"wp-block-cover__inner-container has-global-padding is-layout-constrained wp-block-cover-is-layout-constrained\">\n<p class=\"has-text-align-center has-large-font-size\"><\/p>\n<\/div><\/div>\n<\/div>\n<\/div>\n\n\n\n<div class=\"wp-block-column is-vertically-aligned-center is-layout-flow wp-block-column-is-layout-flow\">\n<div class=\"wp-block-group has-global-padding is-layout-constrained wp-container-core-group-is-layout-f5f3bcb8 wp-block-group-is-layout-constrained\">\n<h2 class=\"wp-block-heading has-text-align-center has-barlow-font-family has-x-large-font-size\" style=\"margin-bottom:var(--wp--preset--spacing--medium);font-style:normal;font-weight:800\">Notre Club<\/h2>\n\n\n\n<div class=\"wp-block-group has-global-padding is-layout-constrained wp-container-core-group-is-layout-9998fb91 wp-block-group-is-layout-constrained\" style=\"padding-top:var(--wp--preset--spacing--small)\">\n<p>Notre club offre bien plus qu&rsquo;une simple exp\u00e9rience de plong\u00e9e. Nos locaux modernes et accueillants sont \u00e9quip\u00e9s de vestiaires, de douches ext\u00e9rieures rafra\u00eechissantes et d&rsquo;espaces de d\u00e9tente pour vous pr\u00e9parer et vous relaxer apr\u00e8s vos plong\u00e9es. <\/p>\n\n\n\n<p>Pour reprendre des forces, profitez de nos collations fra\u00eeches, avec une s\u00e9lection de g\u00e2teaux, d&rsquo;eau, de th\u00e9 et de caf\u00e9 \u00e0 disposition. <\/p>\n\n\n\n<p>Nos sorties en mer sont assur\u00e9es par nos capitaines exp\u00e9riment\u00e9s, qui vous guideront en toute s\u00e9curit\u00e9 vers nos plus beaux sites de plong\u00e9e<\/p>\n\n\n\n<p>. Rejoignez notre communaut\u00e9 passionn\u00e9e de plongeurs et vivez des aventures sous-marines inoubliables avec nous<\/p>\n<\/div>\n<\/div>\n<\/div>\n<\/div>\n<\/div>\n\n\n\n<div class=\"wp-block-group alignfull has-global-padding is-layout-constrained wp-container-core-group-is-layout-1d77b91b wp-block-group-is-layout-constrained\" style=\"padding-top:var(--wp--preset--spacing--xx-large);padding-right:var(--wp--preset--spacing--medium);padding-bottom:var(--wp--preset--spacing--xx-large);padding-left:var(--wp--preset--spacing--medium)\">\n<div class=\"wp-block-group alignwide is-layout-flow wp-block-group-is-layout-flow\" style=\"padding-top:var(--wp--preset--spacing--medium);padding-bottom:var(--wp--preset--spacing--medium)\">\n<h2 class=\"wp-block-heading has-barlow-font-family has-x-large-font-size\">Vos Moniteurs et Monitrices<\/h2>\n\n\n\n<p>Notre \u00e9quipe est constitu\u00e9e de passionn\u00e9s, pr\u00eats \u00e0 vous emmener d\u00e9couvrir nos fonds marins et partager de bons moments avec vous : convivialit\u00e9 et bonne humeur sont au rendez-vous !<\/p>\n<\/div>\n\n\n\n<div class=\"wp-block-columns alignwide is-layout-flex wp-container-core-columns-is-layout-0cd477d5 wp-block-columns-is-layout-flex\" style=\"padding-top:var(--wp--preset--spacing--small);padding-bottom:var(--wp--preset--spacing--small)\">\n<div class=\"wp-block-column is-layout-flow wp-block-column-is-layout-flow\">\n<div class=\"wp-block-cover is-style-default\" style=\"border-radius:30px;min-height:250px;aspect-ratio:unset;\"><span aria-hidden=\"true\" class=\"wp-block-cover__background has-custom-color-1-background-color has-background-dim-30 has-background-dim\"><\/span><img loading=\"lazy\" decoding=\"async\" width=\"2560\" height=\"1705\" class=\"wp-block-cover__image-background wp-image-335\" alt=\"\" src=\"https:\/\/webadive.com\/demo1-fr\/wp-content\/uploads\/sites\/3\/2024\/04\/sebastian-pena-lambarri-O1KSItQ1Uf4-unsplash-scaled.jpg\" style=\"object-position:76% 47%\" data-object-fit=\"cover\" data-object-position=\"76% 47%\" srcset=\"https:\/\/webadive.com\/demo1-fr\/wp-content\/uploads\/sites\/3\/2024\/04\/sebastian-pena-lambarri-O1KSItQ1Uf4-unsplash-scaled.jpg 2560w, https:\/\/webadive.com\/demo1-fr\/wp-content\/uploads\/sites\/3\/2024\/04\/sebastian-pena-lambarri-O1KSItQ1Uf4-unsplash-300x200.jpg 300w, https:\/\/webadive.com\/demo1-fr\/wp-content\/uploads\/sites\/3\/2024\/04\/sebastian-pena-lambarri-O1KSItQ1Uf4-unsplash-1024x682.jpg 1024w, https:\/\/webadive.com\/demo1-fr\/wp-content\/uploads\/sites\/3\/2024\/04\/sebastian-pena-lambarri-O1KSItQ1Uf4-unsplash-768x511.jpg 768w, https:\/\/webadive.com\/demo1-fr\/wp-content\/uploads\/sites\/3\/2024\/04\/sebastian-pena-lambarri-O1KSItQ1Uf4-unsplash-1536x1023.jpg 1536w, https:\/\/webadive.com\/demo1-fr\/wp-content\/uploads\/sites\/3\/2024\/04\/sebastian-pena-lambarri-O1KSItQ1Uf4-unsplash-2048x1364.jpg 2048w, https:\/\/webadive.com\/demo1-fr\/wp-content\/uploads\/sites\/3\/2024\/04\/sebastian-pena-lambarri-O1KSItQ1Uf4-unsplash-40x27.jpg 40w\" sizes=\"auto, (max-width: 2560px) 100vw, 2560px\" \/><div class=\"wp-block-cover__inner-container has-global-padding is-layout-constrained wp-block-cover-is-layout-constrained\">\n<p class=\"has-text-align-center has-large-font-size\"><\/p>\n<\/div><\/div>\n\n\n\n<div class=\"wp-block-group has-global-padding is-layout-constrained wp-container-core-group-is-layout-19e250f3 wp-block-group-is-layout-constrained\">\n<p class=\"has-text-align-center has-barlow-font-family has-medium-font-size\" style=\"font-style:normal;font-weight:600\">H\u00e9lo\u00efse <\/p>\n\n\n\n<p class=\"has-text-align-center has-base-font-size\" style=\"font-style:normal;font-weight:500\">Monitrice de Plong\u00e9e<\/p>\n<\/div>\n<\/div>\n\n\n\n<div class=\"wp-block-column is-layout-flow wp-block-column-is-layout-flow\">\n<div class=\"wp-block-cover is-style-default\" style=\"border-radius:30px;min-height:250px;aspect-ratio:unset;\"><span aria-hidden=\"true\" class=\"wp-block-cover__background has-custom-color-1-background-color has-background-dim-30 has-background-dim\"><\/span><img loading=\"lazy\" decoding=\"async\" width=\"2560\" height=\"1707\" class=\"wp-block-cover__image-background wp-image-208\" alt=\"\" src=\"https:\/\/webadive.com\/demo1-fr\/wp-content\/uploads\/sites\/3\/2024\/04\/sebastian-pena-lambarri-44r12Ck_CoI-unsplash-scaled.jpg\" style=\"object-position:42% 38%\" data-object-fit=\"cover\" data-object-position=\"42% 38%\" srcset=\"https:\/\/webadive.com\/demo1-fr\/wp-content\/uploads\/sites\/3\/2024\/04\/sebastian-pena-lambarri-44r12Ck_CoI-unsplash-scaled.jpg 2560w, https:\/\/webadive.com\/demo1-fr\/wp-content\/uploads\/sites\/3\/2024\/04\/sebastian-pena-lambarri-44r12Ck_CoI-unsplash-300x200.jpg 300w, https:\/\/webadive.com\/demo1-fr\/wp-content\/uploads\/sites\/3\/2024\/04\/sebastian-pena-lambarri-44r12Ck_CoI-unsplash-1024x683.jpg 1024w, https:\/\/webadive.com\/demo1-fr\/wp-content\/uploads\/sites\/3\/2024\/04\/sebastian-pena-lambarri-44r12Ck_CoI-unsplash-768x512.jpg 768w, https:\/\/webadive.com\/demo1-fr\/wp-content\/uploads\/sites\/3\/2024\/04\/sebastian-pena-lambarri-44r12Ck_CoI-unsplash-1536x1024.jpg 1536w, https:\/\/webadive.com\/demo1-fr\/wp-content\/uploads\/sites\/3\/2024\/04\/sebastian-pena-lambarri-44r12Ck_CoI-unsplash-2048x1365.jpg 2048w, https:\/\/webadive.com\/demo1-fr\/wp-content\/uploads\/sites\/3\/2024\/04\/sebastian-pena-lambarri-44r12Ck_CoI-unsplash-40x27.jpg 40w\" sizes=\"auto, (max-width: 2560px) 100vw, 2560px\" \/><div class=\"wp-block-cover__inner-container has-global-padding is-layout-constrained wp-block-cover-is-layout-constrained\">\n<p class=\"has-text-align-center has-large-font-size\"><\/p>\n<\/div><\/div>\n\n\n\n<div class=\"wp-block-group has-global-padding is-layout-constrained wp-container-core-group-is-layout-19e250f3 wp-block-group-is-layout-constrained\">\n<p class=\"has-text-align-center has-barlow-font-family has-medium-font-size\" style=\"font-style:normal;font-weight:600\">Thomas<\/p>\n\n\n\n<p class=\"has-text-align-center has-base-font-size\" style=\"font-style:normal;font-weight:500\">Moniteur de Plong\u00e9e<\/p>\n<\/div>\n<\/div>\n\n\n\n<div class=\"wp-block-column is-layout-flow wp-block-column-is-layout-flow\">\n<div class=\"wp-block-cover is-style-default\" style=\"border-radius:30px;min-height:250px;aspect-ratio:unset;\"><span aria-hidden=\"true\" class=\"wp-block-cover__background has-custom-color-1-background-color has-background-dim-30 has-background-dim\"><\/span><img loading=\"lazy\" decoding=\"async\" width=\"2560\" height=\"1920\" class=\"wp-block-cover__image-background wp-image-210\" alt=\"\" src=\"https:\/\/webadive.com\/demo1-fr\/wp-content\/uploads\/sites\/3\/2024\/04\/analia-ferrario-9gWSkeRBmWg-unsplash-scaled.jpg\" data-object-fit=\"cover\" srcset=\"https:\/\/webadive.com\/demo1-fr\/wp-content\/uploads\/sites\/3\/2024\/04\/analia-ferrario-9gWSkeRBmWg-unsplash-scaled.jpg 2560w, https:\/\/webadive.com\/demo1-fr\/wp-content\/uploads\/sites\/3\/2024\/04\/analia-ferrario-9gWSkeRBmWg-unsplash-300x225.jpg 300w, https:\/\/webadive.com\/demo1-fr\/wp-content\/uploads\/sites\/3\/2024\/04\/analia-ferrario-9gWSkeRBmWg-unsplash-1024x768.jpg 1024w, https:\/\/webadive.com\/demo1-fr\/wp-content\/uploads\/sites\/3\/2024\/04\/analia-ferrario-9gWSkeRBmWg-unsplash-768x576.jpg 768w, https:\/\/webadive.com\/demo1-fr\/wp-content\/uploads\/sites\/3\/2024\/04\/analia-ferrario-9gWSkeRBmWg-unsplash-1536x1152.jpg 1536w, https:\/\/webadive.com\/demo1-fr\/wp-content\/uploads\/sites\/3\/2024\/04\/analia-ferrario-9gWSkeRBmWg-unsplash-2048x1536.jpg 2048w, https:\/\/webadive.com\/demo1-fr\/wp-content\/uploads\/sites\/3\/2024\/04\/analia-ferrario-9gWSkeRBmWg-unsplash-40x30.jpg 40w\" sizes=\"auto, (max-width: 2560px) 100vw, 2560px\" \/><div class=\"wp-block-cover__inner-container has-global-padding is-layout-constrained wp-block-cover-is-layout-constrained\">\n<p class=\"has-text-align-center has-large-font-size\"><\/p>\n<\/div><\/div>\n\n\n\n<div class=\"wp-block-group has-global-padding is-layout-constrained wp-container-core-group-is-layout-19e250f3 wp-block-group-is-layout-constrained\">\n<p class=\"has-text-align-center has-barlow-font-family has-medium-font-size\" style=\"font-style:normal;font-weight:600\">Julie<\/p>\n\n\n\n<p class=\"has-text-align-center has-base-font-size\" style=\"font-style:normal;font-weight:500\">Monitrice de Plong\u00e9e<\/p>\n<\/div>\n<\/div>\n\n\n\n<div class=\"wp-block-column is-layout-flow wp-block-column-is-layout-flow\">\n<div class=\"wp-block-cover is-style-default\" style=\"border-radius:30px;min-height:250px;aspect-ratio:unset;\"><span aria-hidden=\"true\" class=\"wp-block-cover__background has-custom-color-1-background-color has-background-dim-30 has-background-dim\"><\/span><img loading=\"lazy\" decoding=\"async\" width=\"2560\" height=\"1707\" class=\"wp-block-cover__image-background wp-image-211\" alt=\"\" src=\"https:\/\/webadive.com\/demo1-fr\/wp-content\/uploads\/sites\/3\/2024\/04\/sebastian-pena-lambarri-W5ODK261mLY-unsplash-scaled.jpg\" style=\"object-position:54% 38%\" data-object-fit=\"cover\" data-object-position=\"54% 38%\" srcset=\"https:\/\/webadive.com\/demo1-fr\/wp-content\/uploads\/sites\/3\/2024\/04\/sebastian-pena-lambarri-W5ODK261mLY-unsplash-scaled.jpg 2560w, https:\/\/webadive.com\/demo1-fr\/wp-content\/uploads\/sites\/3\/2024\/04\/sebastian-pena-lambarri-W5ODK261mLY-unsplash-300x200.jpg 300w, https:\/\/webadive.com\/demo1-fr\/wp-content\/uploads\/sites\/3\/2024\/04\/sebastian-pena-lambarri-W5ODK261mLY-unsplash-1024x683.jpg 1024w, https:\/\/webadive.com\/demo1-fr\/wp-content\/uploads\/sites\/3\/2024\/04\/sebastian-pena-lambarri-W5ODK261mLY-unsplash-768x512.jpg 768w, https:\/\/webadive.com\/demo1-fr\/wp-content\/uploads\/sites\/3\/2024\/04\/sebastian-pena-lambarri-W5ODK261mLY-unsplash-1536x1024.jpg 1536w, https:\/\/webadive.com\/demo1-fr\/wp-content\/uploads\/sites\/3\/2024\/04\/sebastian-pena-lambarri-W5ODK261mLY-unsplash-2048x1365.jpg 2048w, https:\/\/webadive.com\/demo1-fr\/wp-content\/uploads\/sites\/3\/2024\/04\/sebastian-pena-lambarri-W5ODK261mLY-unsplash-40x27.jpg 40w\" sizes=\"auto, (max-width: 2560px) 100vw, 2560px\" \/><div class=\"wp-block-cover__inner-container has-global-padding is-layout-constrained wp-block-cover-is-layout-constrained\">\n<p class=\"has-text-align-center has-large-font-size\"><\/p>\n<\/div><\/div>\n\n\n\n<div class=\"wp-block-group has-global-padding is-layout-constrained wp-container-core-group-is-layout-19e250f3 wp-block-group-is-layout-constrained\">\n<p class=\"has-text-align-center has-barlow-font-family has-medium-font-size\" style=\"font-style:normal;font-weight:600\">Manu<\/p>\n\n\n\n<p class=\"has-text-align-center has-base-font-size\" style=\"font-style:normal;font-weight:500\">Guide de snorkeling<\/p>\n<\/div>\n<\/div>\n<\/div>\n<\/div>\n\n\n\n<div class=\"wp-block-group alignwide has-global-padding is-layout-constrained wp-block-group-is-layout-constrained\" style=\"padding-top:var(--wp--preset--spacing--medium);padding-bottom:var(--wp--preset--spacing--xx-large)\">\n<div class=\"wp-block-columns are-vertically-aligned-center has-custom-color-1-color has-base-background-color has-text-color has-background has-link-color wp-elements-10434a35c26d6018e36f55e1352ba789 is-layout-flex wp-container-core-columns-is-layout-5b3116c9 wp-block-columns-is-layout-flex\" style=\"border-radius:20px;padding-top:var(--wp--preset--spacing--large);padding-right:var(--wp--preset--spacing--large);padding-bottom:var(--wp--preset--spacing--large);padding-left:var(--wp--preset--spacing--large)\">\n<div class=\"wp-block-column is-vertically-aligned-center is-layout-flow wp-block-column-is-layout-flow\" style=\"flex-basis:70%\">\n<p class=\"has-barlow-font-family has-large-font-size\" style=\"font-style:normal;font-weight:800;text-transform:uppercase\">Pr\u00eats \u00e0 plonger ?<\/p>\n\n\n\n<p class=\"has-small-font-size\" style=\"font-style:normal;font-weight:500\">\u00cates-vous pr\u00eats \u00e0 vivre une exp\u00e9rience sous-marine inoubliable ? <br>Rejoignez-nous \u00e0 la d\u00e9couverte des fonds marins de Polyn\u00e9sie Fran\u00e7aise.<\/p>\n<\/div>\n\n\n\n<div class=\"wp-block-column is-vertically-aligned-center is-layout-flow wp-block-column-is-layout-flow\" style=\"flex-basis:30%\">\n<div class=\"wp-block-buttons has-custom-font-size has-medium-font-size is-content-justification-center is-layout-flex wp-container-core-buttons-is-layout-9587046d wp-block-buttons-is-layout-flex\" style=\"margin-top:0\">\n<div class=\"wp-block-button has-custom-font-size has-base-font-size\"><a class=\"wp-block-button__link wp-element-button\" href=\"https:\/\/webadive.com\/demo1-fr\/reserver\/\" style=\"border-radius:60px\">R\u00e9server<\/a><\/div>\n<\/div>\n<\/div>\n<\/div>\n<\/div>\n","protected":false},"excerpt":{"rendered":"<p>Notre Club Notre club offre bien plus qu&rsquo;une simple exp\u00e9rience de plong\u00e9e. Nos locaux modernes et accueillants sont \u00e9quip\u00e9s de vestiaires, de douches ext\u00e9rieures rafra\u00eechissantes et d&rsquo;espaces de d\u00e9tente pour vous pr\u00e9parer et vous relaxer apr\u00e8s vos plong\u00e9es. Pour reprendre des forces, profitez de nos collations fra\u00eeches, avec une s\u00e9lection de g\u00e2teaux, d&rsquo;eau, de th\u00e9 [&hellip;]<\/p>\n","protected":false},"author":2,"featured_media":233,"parent":0,"menu_order":0,"comment_status":"closed","ping_status":"closed","template":"","meta":{"_acf_changed":false,"footnotes":""},"class_list":["post-32","page","type-page","status-publish","has-post-thumbnail","hentry"],"acf":[],"aioseo_notices":[],"_links":{"self":[{"href":"https:\/\/webadive.com\/demo1-fr\/wp-json\/wp\/v2\/pages\/32","targetHints":{"allow":["GET"]}}],"collection":[{"href":"https:\/\/webadive.com\/demo1-fr\/wp-json\/wp\/v2\/pages"}],"about":[{"href":"https:\/\/webadive.com\/demo1-fr\/wp-json\/wp\/v2\/types\/page"}],"author":[{"embeddable":true,"href":"https:\/\/webadive.com\/demo1-fr\/wp-json\/wp\/v2\/users\/2"}],"replies":[{"embeddable":true,"href":"https:\/\/webadive.com\/demo1-fr\/wp-json\/wp\/v2\/comments?post=32"}],"version-history":[{"count":19,"href":"https:\/\/webadive.com\/demo1-fr\/wp-json\/wp\/v2\/pages\/32\/revisions"}],"predecessor-version":[{"id":464,"href":"https:\/\/webadive.com\/demo1-fr\/wp-json\/wp\/v2\/pages\/32\/revisions\/464"}],"wp:featuredmedia":[{"embeddable":true,"href":"https:\/\/webadive.com\/demo1-fr\/wp-json\/wp\/v2\/media\/233"}],"wp:attachment":[{"href":"https:\/\/webadive.com\/demo1-fr\/wp-json\/wp\/v2\/media?parent=32"}],"curies":[{"name":"wp","href":"https:\/\/api.w.org\/{rel}","templated":true}]}}